{"id":623,"date":"2014-02-05T13:53:44","date_gmt":"2014-02-05T13:53:44","guid":{"rendered":"https:\/\/www.iso-flate.com\/doors-housings-2\/"},"modified":"2017-02-19T12:02:39","modified_gmt":"2017-02-19T12:02:39","slug":"porte-ed-alloggiamenti","status":"publish","type":"page","link":"https:\/\/www.iso-flate.com\/it\/porte-ed-alloggiamenti\/","title":{"rendered":"Porte ed alloggiamenti"},"content":{"rendered":"<div id='full_slider_1'  class='avia-fullwidth-slider main_color avia-shadow   avia-builder-el-0  el_before_av_one_full  avia-builder-el-first   container_wrap sidebar_right'  ><div  class='avia-slideshow av-av_slideshow_full-b1540f231e1448ef5bc61cc764d9fe80 avia-slideshow-no scaling av_slideshow_full avia-slide-slider av-slideshow-ui av-control-default av-slideshow-manual av-loop-once av-loop-manual-endless av-default-height-applied   avia-slideshow-1' data-slideshow-options=\"{&quot;animation&quot;:&quot;slide&quot;,&quot;autoplay&quot;:false,&quot;loop_autoplay&quot;:&quot;once&quot;,&quot;interval&quot;:5,&quot;loop_manual&quot;:&quot;manual-endless&quot;,&quot;autoplay_stopper&quot;:false,&quot;noNavigation&quot;:false,&quot;bg_slider&quot;:false,&quot;keep_padding&quot;:false,&quot;hoverpause&quot;:false,&quot;show_slide_delay&quot;:0}\"  itemprop=\"image\" itemscope=\"itemscope\" itemtype=\"https:\/\/schema.org\/ImageObject\" ><ul class='avia-slideshow-inner ' style='padding-bottom: 24.7572815534%;'><li  class='avia-slideshow-slide av-av_slideshow_full-b1540f231e1448ef5bc61cc764d9fe80__0  av-single-slide slide-1 slide-odd'><div data-rel='slideshow-1' class='avia-slide-wrap '   ><img decoding=\"async\" fetchpriority=\"high\" class=\"wp-image-270 avia-img-lazy-loading-not-270\"  src=\"https:\/\/www.iso-flate.com\/wp-content\/uploads\/2014\/07\/Inflatable-seals-2-1030-255.jpg\" width=\"1030\" height=\"255\" title='Iso-Flate custom inflatable sealing solutions' alt='Iso-Flate custom inflatable sealing solutions'  itemprop=\"thumbnailUrl\" srcset=\"https:\/\/www.iso-flate.com\/wp-content\/uploads\/2014\/07\/Inflatable-seals-2-1030-255.jpg 1030w, https:\/\/www.iso-flate.com\/wp-content\/uploads\/2014\/07\/Inflatable-seals-2-1030-255-300x74.jpg 300w, https:\/\/www.iso-flate.com\/wp-content\/uploads\/2014\/07\/Inflatable-seals-2-1030-255-705x174.jpg 705w, https:\/\/www.iso-flate.com\/wp-content\/uploads\/2014\/07\/Inflatable-seals-2-1030-255-450x111.jpg 450w\" sizes=\"(max-width: 1030px) 100vw, 1030px\" \/><\/div><\/li><\/ul><\/div><\/div><div id='after_full_slider_1'  class='main_color av_default_container_wrap container_wrap sidebar_right'  ><div class='container av-section-cont-open' ><div class='template-page content  av-content-small alpha units'><div class='post-entry post-entry-type-page post-entry-623'><div class='entry-content-wrapper clearfix'>\n<div  class='flex_column av-av_one_full-2a9015ff38129c418a3f2eafba3e9512 av_one_full  avia-builder-el-1  el_after_av_slideshow_full  avia-builder-el-no-sibling  first flex_column_div  '     ><section  class='av_textblock_section av-av_textblock-0366cc7376be6c9e82a3e9cc8987b64f '   itemscope=\"itemscope\" itemtype=\"https:\/\/schema.org\/CreativeWork\" ><div class='avia_textblock'  itemprop=\"text\" ><h1 class=\"p1\">Porte ed alloggiamenti<\/h1>\n<p class=\"p1\"><strong>\u201cla soluzione completa\u201d.<\/strong>&#8230;..<\/p>\n<p class=\"p1\">Oltre all&#8217;assistenza del team tecnico<span class=\"Apple-converted-space\">&nbsp; <\/span>ISO-FLATE\u2122 nella scelta della corretta guarnizione e del sistema di tenuta della vostra guarnizione, abbiamo la possibilit\u00e0 di offrire alloggiamenti e porte in metallo o materiali plastici industriali.<\/p>\n<p class=\"p1\">Ci\u00f2 significa che possiamo garantire ai nostri clienti un&#8217;unit\u00e0 assemblata e testata, con la guarnizione di precisione prodotta in base al prodotto finito, eliminando qualsiasi eventualit\u00e0 di scarsa adattabilit\u00e0 tra le parti che pu\u00f2 risultare dall&#8217;uso di componenti provenienti da fonti diverse.<\/p>\n<p class=\"p1\">E&#8217; riportata sotto una piccola selezione dei nostri prodotti&#8230;<\/p>\n<\/div><\/section><br \/>\n<section  class='av_textblock_section av-av_textblock-0366cc7376be6c9e82a3e9cc8987b64f '   itemscope=\"itemscope\" itemtype=\"https:\/\/schema.org\/CreativeWork\" ><div class='avia_textblock'  itemprop=\"text\" >ngg_shortcode_0_placeholder\n<\/div><\/section><\/p><\/div>\n","protected":false},"excerpt":{"rendered":"<p>Iso-Flate Inflatable Seal Doors and Housings solutions<\/p>\n","protected":false},"author":2,"featured_media":0,"parent":0,"menu_order":0,"comment_status":"open","ping_status":"open","template":"","meta":{"_aioseo_title":"Iso-Flate Inflatable Seal Doors and Housings","_aioseo_description":"Iso-Flate Inflatable Seal Doors and Housings solutions","ngg_post_thumbnail":0,"footnotes":""},"class_list":["post-623","page","type-page","status-publish"],"_links":{"self":[{"href":"https:\/\/www.iso-flate.com\/it\/wp-json\/wp\/v2\/pages\/623","targetHints":{"allow":["GET"]}}],"collection":[{"href":"https:\/\/www.iso-flate.com\/it\/wp-json\/wp\/v2\/pages"}],"about":[{"href":"https:\/\/www.iso-flate.com\/it\/wp-json\/wp\/v2\/types\/page"}],"author":[{"embeddable":true,"href":"https:\/\/www.iso-flate.com\/it\/wp-json\/wp\/v2\/users\/2"}],"replies":[{"embeddable":true,"href":"https:\/\/www.iso-flate.com\/it\/wp-json\/wp\/v2\/comments?post=623"}],"version-history":[{"count":0,"href":"https:\/\/www.iso-flate.com\/it\/wp-json\/wp\/v2\/pages\/623\/revisions"}],"wp:attachment":[{"href":"https:\/\/www.iso-flate.com\/it\/wp-json\/wp\/v2\/media?parent=623"}],"curies":[{"name":"wp","href":"https:\/\/api.w.org\/{rel}","templated":true}]}}