{"id":630,"date":"2014-09-12T11:41:33","date_gmt":"2014-09-12T11:41:33","guid":{"rendered":"https:\/\/www.iso-flate.com\/guarnizioni-gonfiabili\/faq\/"},"modified":"2015-06-16T11:21:53","modified_gmt":"2015-06-16T11:21:53","slug":"domande-frequenti","status":"publish","type":"page","link":"https:\/\/www.iso-flate.com\/it\/inflatable-seals\/domande-frequenti\/","title":{"rendered":"FAQ"},"content":{"rendered":"<div  class='flex_column av-av_one_full-2a9015ff38129c418a3f2eafba3e9512 av_one_full  avia-builder-el-0  avia-builder-el-no-sibling  first flex_column_div  '     ><section  class='av_textblock_section av-av_textblock-0366cc7376be6c9e82a3e9cc8987b64f '   itemscope=\"itemscope\" itemtype=\"https:\/\/schema.org\/CreativeWork\" ><div class='avia_textblock'  itemprop=\"text\" ><h1 class=\"p1\">Guarnizioni gonfiabili: domande frequenti<\/h1>\n<h2 class=\"p1\">D: <span class=\"s1\">\u00c8<\/span> possibile l&#8217;uso delle guarnizioni gonfiabili su porte e cornici con bordi di 90 gradi?<\/h2>\n<p class=\"p1\">R: Si; ma esclusivamente nei casi in cui la guarnizione si gonfia nella direzione assiale. Il gonfiaggio verso l&#8217;interno o l&#8217;esterno sugli angoli di 90 gradi provocher\u00e0 sempre un certo livello di perdita siccome non \u00e8 geometricamente possibile allungare la guarnizione di gomma ottenendo un contatto di tenuta ermetica all&#8217;angolo.<\/p>\n<h2 class=\"p1\">D: Qual&#8217;\u00e8 la dimensione massima della guarnizione gonfiabile?<\/h2>\n<p class=\"p1\">R: La dimensione della guarnizione (in limiti ragionevoli) \u00e8 illimitata. La dimensione della guarnizione gonfiabile \u00e8 dettata da molteplici fattori (materiale, orientazione, ecc) ma predominatamente dallo spazio disponibile per il profilo e alloggio. Ad esempio, le comuni guarnizioni di serie dalla dimensione di 40x40mm quando rilassate possono raggiungere fino a 30mm di movimento, tuttavia assemblaggi di membrane a vuoto (un sigillo ermetico modellato di gomma che viene formato nella posizione gonfiata poi aspirato nell&#8217;alloggio per fornire spazio) sono stati usati dai clienti ISO-Flate per sigillare una gamma di oltre 100mm!<\/p>\n<h2 class=\"p1\">D: Quali sono le massime pressioni di esercizio e di sistema per le guarnizioni gonfiabili?<\/h2>\n<p class=\"p1\">R: Il gonfiaggio massimo ed il sistema di pressione, sono dettati da molti fattori, ma quello pi\u00f9 importante \u00e8 l&#8217;apertura del sigillo (seal gap or required travel). Ad esempio, le guarnizioni a bassa pressione di tenuta da SP101 possono operare comodamente sopra 10mm a 15-30 PSI (queste guarnizioni sono sono spesso usate in ambienti di pressione relativamente bassa come negli isolatori nei sistemi di contenimento) tuttavia ci\u00f2 lascia esposto il sigillo lontano dalla scanalatura e alte pressioni possono provocarne lo spostamento e dunque causare perdite. Per ambienti di alta pressione interna (come porte autoclave) \u00e8 richiesta un&#8217;apertura del sigillo minore. Un esempio di ci\u00f2 \u00e8 il profilo SP15A, progettato specificatamente per il percorso di 1-2 mm. Ci\u00f2 significa che lo spessore della guarnizione superiore \u00e8 maggiore dell&#8217;apertura, e che non \u00e8 possibile forzare il sigillo dall&#8217;incavo sotto alta pressione. Non \u00e8 mai consigliabile gonfiare un sigillo ad alta pressione quando non \u00e8 limitato da abitazioni su tre lati e un lato di bordo.<\/p>\n<h2 class=\"p1\">D: Quali sono I materiali disponibili per le guarnizioni?<\/h2>\n<p class=\"p1\">Nonostante il silicone FDA sia il profilo pi\u00f9 comunemente usato per le guarnizioni gonfiabili ISO-FLATE grazie ai suoi numerevoli usi nell&#8217;industria farmaceutica, i seguenti materiali sono stati sviluppati per le applicazioni che li richiedono&#8230;<\/p>\n<p>\u00b7 \u00a0 \u00a0 \u00a0EPDM FDA (disponibile anche conduttivo)<\/p>\n<p>\u00b7\u00a0\u00a0\u00a0\u00a0\u00a0\u00a0 VITON \u00ae \/FKM<\/p>\n<p>\u00b7 \u00a0 \u00a0 \u00a0Silicone Anti \u2013 microbico (BIO-FLATE )<\/p>\n<p>\u00b7\u00a0\u00a0\u00a0\u00a0\u00a0\u00a0 USP class VI Silicone<\/p>\n<p>\u00b7\u00a0\u00a0\u00a0\u00a0\u00a0\u00a0 HNBR<\/p>\n<h2 class=\"p1\">D: Qual&#8217;\u00e8 la vita operativa utile della mia guarnizione gonfiabile?<\/h2>\n<p class=\"p1\">R: Esistono numerosi fattori che influenzano la durata della guarnizione gonfiabile, come la resistenza chimica, il numero dei cicli giornalieri o la pressione esercitata sulla guarnizione, per nominarne alcuni. Nonostante ci\u00f2, abbiamo la possibilit\u00e0 di effettuare prove di ciclo accelerate (conducendo in alcuni casi pi\u00f9 di 30 000 cicli di gonfiaggio e sgonfiaggio al giorno, a seconda della grandezza della guarnizione) per fornire ai nostri clienti una stima accurata in base all&#8217;applicazione di dati specifici. Un esempio di ci\u00f2 \u00e8 la prova condotta su una guarnizione per sterilizzatori all&#8217;interno di un forno, allo scopo di simulare<span class=\"Apple-converted-space\">\u00a0 <\/span>la temperatura reale di esercizio.<\/p>\n<p class=\"p1\">D: Quali colori sono disponibili?<\/p>\n<p class=\"p1\">R: La maggior parte dei profili sono bianchi, blu, neri e rossi, tuttavia avendo il numero RAL abbiamo la possibilit\u00e0 di adattare il colore in base ai vostri bisogni per garantire che la vostra guarnizione gonfiabile si adatti al vostro brand.<\/p>\n<p class=\"p1\">Se avete altre domande specifiche per favore contattateci.<\/p>\n<p class=\"p1\">Iso-Flate Guarnizioni gonfiabili<\/p>\n<\/div><\/section><\/div>\n","protected":false},"excerpt":{"rendered":"<p>Frequently asked questions regarding Iso-Flate inflatable seals<\/p>\n","protected":false},"author":2,"featured_media":0,"parent":627,"menu_order":0,"comment_status":"open","ping_status":"open","template":"","meta":{"_aioseo_title":"Iso-Flate Inflatable Seal Frequently Asked Questions","_aioseo_description":"Frequently asked questions regarding Iso-Flate inflatable seals","ngg_post_thumbnail":0,"footnotes":""},"class_list":["post-630","page","type-page","status-publish"],"_links":{"self":[{"href":"https:\/\/www.iso-flate.com\/it\/wp-json\/wp\/v2\/pages\/630","targetHints":{"allow":["GET"]}}],"collection":[{"href":"https:\/\/www.iso-flate.com\/it\/wp-json\/wp\/v2\/pages"}],"about":[{"href":"https:\/\/www.iso-flate.com\/it\/wp-json\/wp\/v2\/types\/page"}],"author":[{"embeddable":true,"href":"https:\/\/www.iso-flate.com\/it\/wp-json\/wp\/v2\/users\/2"}],"replies":[{"embeddable":true,"href":"https:\/\/www.iso-flate.com\/it\/wp-json\/wp\/v2\/comments?post=630"}],"version-history":[{"count":0,"href":"https:\/\/www.iso-flate.com\/it\/wp-json\/wp\/v2\/pages\/630\/revisions"}],"up":[{"embeddable":true,"href":"https:\/\/www.iso-flate.com\/it\/wp-json\/wp\/v2\/pages\/627"}],"wp:attachment":[{"href":"https:\/\/www.iso-flate.com\/it\/wp-json\/wp\/v2\/media?parent=630"}],"curies":[{"name":"wp","href":"https:\/\/api.w.org\/{rel}","templated":true}]}}