{"id":522,"date":"2015-01-20T16:09:29","date_gmt":"2015-01-20T16:09:29","guid":{"rendered":"https:\/\/www.iso-flate.com\/?page_id=522"},"modified":"2017-02-19T12:00:07","modified_gmt":"2017-02-19T12:00:07","slug":"suporte-tecnico-pt","status":"publish","type":"page","link":"https:\/\/www.iso-flate.com\/pt-pt\/suporte-tecnico-pt\/","title":{"rendered":"Suporte T\u00e9cnico"},"content":{"rendered":"<div id='full_slider_1'  class='avia-fullwidth-slider main_color avia-shadow   avia-builder-el-0  el_before_av_one_full  avia-builder-el-first   container_wrap sidebar_right'  ><div  class='avia-slideshow av-av_slideshow_full-b1540f231e1448ef5bc61cc764d9fe80 avia-slideshow-no scaling av_slideshow_full avia-slide-slider av-slideshow-ui av-control-default av-slideshow-manual av-loop-once av-loop-manual-endless av-default-height-applied   avia-slideshow-1' data-slideshow-options=\"{&quot;animation&quot;:&quot;slide&quot;,&quot;autoplay&quot;:false,&quot;loop_autoplay&quot;:&quot;once&quot;,&quot;interval&quot;:5,&quot;loop_manual&quot;:&quot;manual-endless&quot;,&quot;autoplay_stopper&quot;:false,&quot;noNavigation&quot;:false,&quot;bg_slider&quot;:false,&quot;keep_padding&quot;:false,&quot;hoverpause&quot;:false,&quot;show_slide_delay&quot;:0}\"  itemprop=\"image\" itemscope=\"itemscope\" itemtype=\"https:\/\/schema.org\/ImageObject\" ><ul class='avia-slideshow-inner ' style='padding-bottom: 24.7572815534%;'><li  class='avia-slideshow-slide av-av_slideshow_full-b1540f231e1448ef5bc61cc764d9fe80__0  av-single-slide slide-1 slide-odd'><div data-rel='slideshow-1' class='avia-slide-wrap '   ><img decoding=\"async\" fetchpriority=\"high\" class=\"wp-image-270 avia-img-lazy-loading-not-270\"  src=\"https:\/\/www.iso-flate.com\/wp-content\/uploads\/2014\/07\/Inflatable-seals-2-1030-255.jpg\" width=\"1030\" height=\"255\" title='Iso-Flate custom inflatable sealing solutions' alt='Iso-Flate custom inflatable sealing solutions'  itemprop=\"thumbnailUrl\" srcset=\"https:\/\/www.iso-flate.com\/wp-content\/uploads\/2014\/07\/Inflatable-seals-2-1030-255.jpg 1030w, https:\/\/www.iso-flate.com\/wp-content\/uploads\/2014\/07\/Inflatable-seals-2-1030-255-300x74.jpg 300w, https:\/\/www.iso-flate.com\/wp-content\/uploads\/2014\/07\/Inflatable-seals-2-1030-255-705x174.jpg 705w, https:\/\/www.iso-flate.com\/wp-content\/uploads\/2014\/07\/Inflatable-seals-2-1030-255-450x111.jpg 450w\" sizes=\"(max-width: 1030px) 100vw, 1030px\" \/><\/div><\/li><\/ul><\/div><\/div><div id='after_full_slider_1'  class='main_color av_default_container_wrap container_wrap sidebar_right'  ><div class='container av-section-cont-open' ><div class='template-page content  av-content-small alpha units'><div class='post-entry post-entry-type-page post-entry-522'><div class='entry-content-wrapper clearfix'>\n<div  class='flex_column av-av_one_full-2a9015ff38129c418a3f2eafba3e9512 av_one_full  avia-builder-el-1  el_after_av_slideshow_full  avia-builder-el-no-sibling  first flex_column_div  '     ><section  class='av_textblock_section av-av_textblock-0366cc7376be6c9e82a3e9cc8987b64f '   itemscope=\"itemscope\" itemtype=\"https:\/\/schema.org\/CreativeWork\" ><div class='avia_textblock'  itemprop=\"text\" ><h1>Suporte T\u00e9cnico<\/h1>\n<p>A nossa equipa \u00e9 constituida por engenheiros qualificados, al\u00e9m dos nossos 35 anos de experi\u00eancia em sistemas de veda\u00e7\u00e3o. Estamos perfeitamente preparados para o assistir com a melhor solu\u00e7\u00e3o de veda\u00e7\u00e3o em qualquer aplica\u00e7\u00e3o. Estamos preparados para conceber modelos em 3D e desenhos t\u00e9cnicos em CAD sempre com o objectivo de apresentar a melhor solu\u00e7\u00e3o.<\/p>\n<\/div><\/section><br \/>\n\n<style type=\"text\/css\" data-created_by=\"avia_inline_auto\" id=\"style-css-av-av_image-b4b08b1d894e17f12c429d0c3837ad56\">\n.avia-image-container.av-av_image-b4b08b1d894e17f12c429d0c3837ad56 img.avia_image{\nbox-shadow:none;\n}\n.avia-image-container.av-av_image-b4b08b1d894e17f12c429d0c3837ad56 .av-image-caption-overlay-center{\ncolor:#ffffff;\n}\n<\/style>\n<div  class='avia-image-container av-av_image-b4b08b1d894e17f12c429d0c3837ad56 av-styling- avia_animated_image av-animated-when-visible-95 pop-up avia-align-center  avia-builder-el-3  el_after_av_textblock  el_before_av_textblock '   itemprop=\"image\" itemscope=\"itemscope\" itemtype=\"https:\/\/schema.org\/ImageObject\" ><div class=\"avia-image-container-inner\"><div class=\"avia-image-overlay-wrap\"><img decoding=\"async\" width=\"900\" height=\"600\" fetchpriority=\"high\" class='wp-image-238 avia-img-lazy-loading-not-238 avia_image ' src=\"https:\/\/www.iso-flate.com\/wp-content\/uploads\/2014\/02\/desgin-support-8-900.jpg\" alt='Inflatable seal design support from Iso-Flate' title='desgin-support-8-900'   itemprop=\"thumbnailUrl\" srcset=\"https:\/\/www.iso-flate.com\/wp-content\/uploads\/2014\/02\/desgin-support-8-900.jpg 900w, https:\/\/www.iso-flate.com\/wp-content\/uploads\/2014\/02\/desgin-support-8-900-300x200.jpg 300w, https:\/\/www.iso-flate.com\/wp-content\/uploads\/2014\/02\/desgin-support-8-900-705x470.jpg 705w, https:\/\/www.iso-flate.com\/wp-content\/uploads\/2014\/02\/desgin-support-8-900-450x300.jpg 450w\" sizes=\"(max-width: 900px) 100vw, 900px\" \/><\/div><\/div><\/div><br \/>\n<section  class='av_textblock_section av-av_textblock-0366cc7376be6c9e82a3e9cc8987b64f '   itemscope=\"itemscope\" itemtype=\"https:\/\/schema.org\/CreativeWork\" ><div class='avia_textblock'  itemprop=\"text\" >ngg_shortcode_0_placeholder\n<\/div><\/section><br \/>\n<section  class='av_textblock_section av-av_textblock-0366cc7376be6c9e82a3e9cc8987b64f '   itemscope=\"itemscope\" itemtype=\"https:\/\/schema.org\/CreativeWork\" ><div class='avia_textblock'  itemprop=\"text\" ><p>Download e aceder <a href=\"https:\/\/www.iso-flate.com\/wp-content\/uploads\/2014\/07\/3d-file-flexible-connection-with-inflatable-sealing-head.easm\" target=\"_blank\">3D file of flexible connection with inflatable sealing head<\/a><\/p>\n<p class=\"p1\">TPara ver os e-Desenhos, por favor fazer download de:<\/p>\n<p class=\"p2\"><span class=\"s1\"><a href=\"http:\/\/www.edrawingsviewer.com\/download\">http:\/\/www.eDrawingsViewer.com\/download<\/a><\/span><\/p>\n<p>e-Desenhos para iPad disponiveis na App Store:<\/p>\n<p class=\"p2\"><span class=\"s1\"><a href=\"http:\/\/itunes.apple.com\/us\/app\/edrawings\/id520231936?mt=8\">http:\/\/itunes.apple.com\/us\/app\/edrawings\/id520231936?mt=8<\/a><\/span><\/p>\n<p>Para d\u00favidas e suporte por favor consultar em:<\/p>\n<p class=\"p2\"><span class=\"s1\"><a href=\"http:\/\/www.edrawingsviewer.com\/support\">http:\/\/www.eDrawingsViewer.com\/support<\/a><\/span><\/p>\n<\/div><\/section><\/p><\/div>\n","protected":false},"excerpt":{"rendered":"<p>Iso-Flate inflatable Informa\u00e7\u00f5es supporte de design<\/p>\n","protected":false},"author":2,"featured_media":0,"parent":0,"menu_order":0,"comment_status":"open","ping_status":"open","template":"","meta":{"_aioseo_title":"Iso-Flate supporte","_aioseo_description":"Iso-Flate inflatable Informa\u00e7\u00f5es supporte de design","ngg_post_thumbnail":0,"footnotes":""},"class_list":["post-522","page","type-page","status-publish"],"_links":{"self":[{"href":"https:\/\/www.iso-flate.com\/pt-pt\/wp-json\/wp\/v2\/pages\/522","targetHints":{"allow":["GET"]}}],"collection":[{"href":"https:\/\/www.iso-flate.com\/pt-pt\/wp-json\/wp\/v2\/pages"}],"about":[{"href":"https:\/\/www.iso-flate.com\/pt-pt\/wp-json\/wp\/v2\/types\/page"}],"author":[{"embeddable":true,"href":"https:\/\/www.iso-flate.com\/pt-pt\/wp-json\/wp\/v2\/users\/2"}],"replies":[{"embeddable":true,"href":"https:\/\/www.iso-flate.com\/pt-pt\/wp-json\/wp\/v2\/comments?post=522"}],"version-history":[{"count":0,"href":"https:\/\/www.iso-flate.com\/pt-pt\/wp-json\/wp\/v2\/pages\/522\/revisions"}],"wp:attachment":[{"href":"https:\/\/www.iso-flate.com\/pt-pt\/wp-json\/wp\/v2\/media?parent=522"}],"curies":[{"name":"wp","href":"https:\/\/api.w.org\/{rel}","templated":true}]}}