{"id":529,"date":"2015-01-20T16:32:42","date_gmt":"2015-01-20T16:32:42","guid":{"rendered":"https:\/\/www.iso-flate.com\/?page_id=529"},"modified":"2022-08-02T11:26:15","modified_gmt":"2022-08-02T11:26:15","slug":"flate-vedantes-insuflaveis","status":"publish","type":"page","link":"https:\/\/www.iso-flate.com\/pt-pt\/flate-vedantes-insuflaveis\/","title":{"rendered":"Iso-Flate Vedantes Insufl\u00e1veis"},"content":{"rendered":"<div id='full_slider_1'  class='avia-fullwidth-slider main_color avia-shadow   avia-builder-el-0  el_before_av_one_full  avia-builder-el-first   container_wrap sidebar_right'  ><div  class='avia-slideshow av-1rnvcp-f9807f967b4dc70b69323c3f9eb7f87a avia-slideshow-no scaling av_slideshow_full avia-slide-slider av-slideshow-ui av-control-default av-slideshow-manual av-loop-once av-loop-manual-endless av-default-height-applied   avia-slideshow-1' data-slideshow-options=\"{&quot;animation&quot;:&quot;slide&quot;,&quot;autoplay&quot;:false,&quot;loop_autoplay&quot;:&quot;once&quot;,&quot;interval&quot;:5,&quot;loop_manual&quot;:&quot;manual-endless&quot;,&quot;autoplay_stopper&quot;:false,&quot;noNavigation&quot;:false,&quot;bg_slider&quot;:false,&quot;keep_padding&quot;:false,&quot;hoverpause&quot;:false,&quot;show_slide_delay&quot;:0}\"  itemprop=\"image\" itemscope=\"itemscope\" itemtype=\"https:\/\/schema.org\/ImageObject\" ><ul class='avia-slideshow-inner ' style='padding-bottom: 24.7572815534%;'><li  class='avia-slideshow-slide av-1rnvcp-f9807f967b4dc70b69323c3f9eb7f87a__0  av-single-slide slide-1 slide-odd'><div data-rel='slideshow-1' class='avia-slide-wrap '   ><img decoding=\"async\" fetchpriority=\"high\" class=\"wp-image-270 avia-img-lazy-loading-not-270\"  src=\"https:\/\/www.iso-flate.com\/wp-content\/uploads\/2014\/07\/Inflatable-seals-2-1030-255.jpg\" width=\"1030\" height=\"255\" title='Iso-Flate custom inflatable sealing solutions' alt='Iso-Flate custom inflatable sealing solutions'  itemprop=\"thumbnailUrl\" srcset=\"https:\/\/www.iso-flate.com\/wp-content\/uploads\/2014\/07\/Inflatable-seals-2-1030-255.jpg 1030w, https:\/\/www.iso-flate.com\/wp-content\/uploads\/2014\/07\/Inflatable-seals-2-1030-255-300x74.jpg 300w, https:\/\/www.iso-flate.com\/wp-content\/uploads\/2014\/07\/Inflatable-seals-2-1030-255-705x174.jpg 705w, https:\/\/www.iso-flate.com\/wp-content\/uploads\/2014\/07\/Inflatable-seals-2-1030-255-450x111.jpg 450w\" sizes=\"(max-width: 1030px) 100vw, 1030px\" \/><\/div><\/li><\/ul><\/div><\/div><div id='after_full_slider_1'  class='main_color av_default_container_wrap container_wrap sidebar_right'  ><div class='container av-section-cont-open' ><div class='template-page content  av-content-small alpha units'><div class='post-entry post-entry-type-page post-entry-529'><div class='entry-content-wrapper clearfix'>\n<div  class='flex_column av-1ek86p-06392c477a3768079d5d45ac7da300c6 av_one_full  avia-builder-el-1  el_after_av_slideshow_full  el_before_av_one_third  avia-builder-el-first  first flex_column_div  '     ><section  class='av_textblock_section av-1ag90x-135a5f8ac7fab6478fc0450f8f3f9fbd '   itemscope=\"itemscope\" itemtype=\"https:\/\/schema.org\/CreativeWork\" ><div class='avia_textblock'  itemprop=\"text\" ><h1>Iso-Flate Vedantes Insufl\u00e1veis<\/h1>\n<p>A gama de Vedantes Insufl\u00e1veis Iso-Flate\u00ae foi desenvolvida para (e em conjutno com) alguns dos mais prestigiados laborat\u00f3rios de ind\u00fastria farmaceutica( OEM\u2019s ) e com os equipamentos de produ\u00e7\u00e3o. &nbsp;Fabricados em UK, os vedantes s\u00e3o submetidos a rigidos testes de stress , controle de qualidade e rastreabilidade, para poder satisfazer as insdustrias em sal limpa, seguran\u00e7a e solu\u00e7\u00f5es de estanquidade perfeitas.<\/p>\n<p><strong>Caracteristicas e Vantagens<\/strong><\/p>\n<ul>\n<li>Precis\u00e3o nos moldes utilizados e toler\u00e2ncias estritas garantem maior qualidade de vulcaniza\u00e7\u00e3o.<\/li>\n<li>Mais de 100 perfis dispon\u00edveis em silicone FDA, Silicone Anti-Microbios, EPDM FDA, FKM e muitos outros materiais<\/li>\n<li>V\u00e1lvulas de borracha moldadas com precis\u00e3o, e v\u00e1lvulas de a\u00e7o maquinadas para satiisfazer uma vasta gama de encaixes e garantir taxas de vazamento rigorosas<\/li>\n<li>n\u00famero exclusivo de identifica\u00e7\u00e3o do vedante proporcionando rastreabilidade detalhada para vedante fornecido<\/li>\n<li>testes de fadiga de ciclo r\u00e1pido dispon\u00edveis que fornecem informa\u00e7\u00e3o sobre a&nbsp; aplica\u00e7\u00e3o espec\u00edfica e estimativas de vida em ciclo precisos.<\/li>\n<\/ul>\n<p><strong>Perfis:<\/strong><\/p>\n<p>Com mais de 100 perfis extrudados dispon\u00edveis e ferramentas de vulcaniza\u00e7\u00e3o de multi compress\u00e3o do material, somos capazes de oferecer uma vasta combina\u00e7\u00e3o de formas \/ materiais para satisfazer o seu pedido.<\/p>\n<p><center>ngg_shortcode_0_placeholder<\/center><\/p>\n<\/div><\/section><br \/>\n<section  class='av_textblock_section av-10srrl-cc790e205fe656bd2ef7dfff202eec49 '   itemscope=\"itemscope\" itemtype=\"https:\/\/schema.org\/CreativeWork\" ><div class='avia_textblock'  itemprop=\"text\" ><p><b>Materials:<\/b><\/p>\n<p>Os vedantes insufl\u00e1veis Iso-Flate\u00ae&nbsp;existem em stock predominantemente em Silicone FDA e EPDM, mas s\u00e3o est\u00e3o tamb\u00e9m disponiveis em silicone Anti-microbial (Bio-Flate) \u2013 Click no logo para consultar as especifica\u00e7\u00f5es para este material, Fluoroelastomero , e muitos outros materiais podem ser desenvolvidos sobre especifica\u00e7\u00f5es dos clientes. Na maioria dos casos podemos fornecer os vedantes em qualquer cor&nbsp; corporativa dos clientes.<br \/>\n<a href=\"https:\/\/www.iso-flate.com\/wp-content\/uploads\/2014\/07\/Bio-Flate.pdf\"><img loading=\"lazy\" decoding=\"async\" class=\"aligncenter wp-image-328 size-medium\" src=\"https:\/\/www.iso-flate.com\/wp-content\/uploads\/2014\/02\/bioflate-logo-900-300x200.jpg\" alt=\"Bio-Flate inflatable seals logo\" width=\"300\" height=\"200\" srcset=\"https:\/\/www.iso-flate.com\/wp-content\/uploads\/2014\/02\/bioflate-logo-900-300x200.jpg 300w, https:\/\/www.iso-flate.com\/wp-content\/uploads\/2014\/02\/bioflate-logo-900-705x470.jpg 705w, https:\/\/www.iso-flate.com\/wp-content\/uploads\/2014\/02\/bioflate-logo-900-450x300.jpg 450w, https:\/\/www.iso-flate.com\/wp-content\/uploads\/2014\/02\/bioflate-logo-900.jpg 900w\" sizes=\"auto, (max-width: 300px) 100vw, 300px\" \/><\/a><\/p>\n<p class=\"p1\">Em virtude das exig\u00eancias das industrias face \u00e0s regulamenta\u00e7\u00f5es &nbsp;ATEX para combustiveis e produtos, a Sealing Projex desenvolveu novos materiais Anti-Est\u00e1ticos e&nbsp;Condutoras no valor de resist\u00eancia das faces. Se necessita de um vedante insufl\u00e1vel Anti-Est\u00e1tico para a sua aplica\u00e7\u00e3o, por favor n\u00e3o hesite em contactar-nos. Teremos todo o gosto em lhe fornecer as melhores solu\u00e7\u00f5es.<\/p>\n<p class=\"p1\"><a href=\"https:\/\/www.iso-flate.com\/wp-content\/uploads\/2014\/07\/Anti-static-conductive-Inflatable-seals-700.jpg\"><img loading=\"lazy\" decoding=\"async\" class=\"aligncenter size-full wp-image-309\" src=\"https:\/\/www.iso-flate.com\/wp-content\/uploads\/2014\/07\/Anti-static-conductive-Inflatable-seals-700.jpg\" alt=\"Iso-Flate Anti-static conductive inflatable seals\" width=\"700\" height=\"261\" srcset=\"https:\/\/www.iso-flate.com\/wp-content\/uploads\/2014\/07\/Anti-static-conductive-Inflatable-seals-700.jpg 700w, https:\/\/www.iso-flate.com\/wp-content\/uploads\/2014\/07\/Anti-static-conductive-Inflatable-seals-700-300x111.jpg 300w, https:\/\/www.iso-flate.com\/wp-content\/uploads\/2014\/07\/Anti-static-conductive-Inflatable-seals-700-450x167.jpg 450w\" sizes=\"auto, (max-width: 700px) 100vw, 700px\" \/><\/a><\/p>\n<\/div><\/section><br \/>\n<section  class='av_textblock_section av-ws7ah-a9cd5a14a07157a8eb8542b2ad3bb005 '   itemscope=\"itemscope\" itemtype=\"https:\/\/schema.org\/CreativeWork\" ><div class='avia_textblock'  itemprop=\"text\" ><p><strong>Configura\u00e7\u00f5es de perfis dos Vedantes Insufl\u00e1veis:<\/strong><\/p>\n<p>Vedantes Insufl\u00e1veis extrudidos podem ser unidos ou sem fim dentro de um loop, com comprimentos e &nbsp;com extremidades vulcanizadas &#8220;Ver imagem -&#8221; ou fabricados com cantos radiais&nbsp; moldados. A configura\u00e7\u00e3o mais popular \u00e9 a de ser fabricado em c\u00edrculo e utilizado nas configura\u00e7\u00f5es mostradas no diagrama abaixo.<br \/>\n<a href=\"https:\/\/www.iso-flate.com\/wp-content\/uploads\/2014\/02\/inflatable-seal-orientations-900.png\"><img loading=\"lazy\" decoding=\"async\" class=\"aligncenter size-medium wp-image-331\" src=\"https:\/\/www.iso-flate.com\/wp-content\/uploads\/2014\/02\/inflatable-seal-orientations-900-270x300.png\" alt=\"Inflatable seal orientations\" width=\"270\" height=\"300\" srcset=\"https:\/\/www.iso-flate.com\/wp-content\/uploads\/2014\/02\/inflatable-seal-orientations-900-270x300.png 270w, https:\/\/www.iso-flate.com\/wp-content\/uploads\/2014\/02\/inflatable-seal-orientations-900-635x705.png 635w, https:\/\/www.iso-flate.com\/wp-content\/uploads\/2014\/02\/inflatable-seal-orientations-900-450x499.png 450w, https:\/\/www.iso-flate.com\/wp-content\/uploads\/2014\/02\/inflatable-seal-orientations-900.png 900w\" sizes=\"auto, (max-width: 270px) 100vw, 270px\" \/><\/a><\/p>\n<\/div><\/section><br \/>\n<section  class='av_textblock_section av-pfdc9-ce52110f83ae0a22776dfb1ec2693a25 '   itemscope=\"itemscope\" itemtype=\"https:\/\/schema.org\/CreativeWork\" ><div class='avia_textblock'  itemprop=\"text\" ><p><b>Tipos de Valvulas:<\/b><\/p>\n<p>Al\u00e9m das nossas v\u00e1lvulas de press\u00e3o e acess\u00f3riso serem borracha padr\u00e3o, tamb\u00e9m temos a capacidade de conex\u00f5es de a\u00e7o personalizados com precis\u00e3o. Atualmente, temos 40 configura\u00e7\u00f5es diferentes de valv\u00falas para Iso-flate. Para obter informa\u00e7\u00f5es e apoio t\u00e9cnico entre em contato conosco.<br \/>\n<img loading=\"lazy\" decoding=\"async\" class=\"aligncenter size-full wp-image-350\" src=\"https:\/\/www.iso-flate.com\/wp-content\/uploads\/2014\/02\/Iso-flate-Air-Stem-connections-700.jpg\" alt=\"Iso-Flate air stem connectors\" width=\"700\" height=\"346\" srcset=\"https:\/\/www.iso-flate.com\/wp-content\/uploads\/2014\/02\/Iso-flate-Air-Stem-connections-700.jpg 700w, https:\/\/www.iso-flate.com\/wp-content\/uploads\/2014\/02\/Iso-flate-Air-Stem-connections-700-300x148.jpg 300w, https:\/\/www.iso-flate.com\/wp-content\/uploads\/2014\/02\/Iso-flate-Air-Stem-connections-700-450x222.jpg 450w\" sizes=\"auto, (max-width: 700px) 100vw, 700px\" \/><\/p>\n<\/div><\/section><\/p><\/div>\n<div  class='flex_column av-jalt5-f92579114cd2329679402461ee946690 av_one_third  avia-builder-el-6  el_after_av_one_full  el_before_av_two_third  first flex_column_div  column-top-margin'     ><style type=\"text\/css\" data-created_by=\"avia_inline_auto\" id=\"style-css-av-kw2e1nha-91a834c7068e79ce16e8ca706ac3b530\">\n.avia-image-container.av-kw2e1nha-91a834c7068e79ce16e8ca706ac3b530 img.avia_image{\nbox-shadow:none;\n}\n.avia-image-container.av-kw2e1nha-91a834c7068e79ce16e8ca706ac3b530 .av-image-caption-overlay-center{\ncolor:#ffffff;\n}\n<\/style>\n<div  class='avia-image-container av-kw2e1nha-91a834c7068e79ce16e8ca706ac3b530 av-styling- av-img-linked avia_animated_image av-animated-when-visible-95 pop-up avia-align-center  avia-builder-el-7  avia-builder-el-no-sibling '   itemprop=\"image\" itemscope=\"itemscope\" itemtype=\"https:\/\/schema.org\/ImageObject\" ><div class=\"avia-image-container-inner\"><div class=\"avia-image-overlay-wrap\"><a href=\"https:\/\/www.iso-flate.com\/wp-content\/uploads\/2022\/08\/sealingprojex-iso-flate-pharma-sealing-2022.pdf\" class='avia_image '  aria-label='Iso-Flate-containment-sealing-brochure-285'><img decoding=\"async\" width=\"285\" height=\"403\" fetchpriority=\"high\" class='wp-image-334 avia-img-lazy-loading-not-334 avia_image ' src=\"https:\/\/www.iso-flate.com\/wp-content\/uploads\/2014\/07\/Iso-Flate-containment-sealing-brochure-285.jpg\" alt='Iso-Flate containment sealing brochure' title='Iso-Flate-containment-sealing-brochure-285'   itemprop=\"thumbnailUrl\" srcset=\"https:\/\/www.iso-flate.com\/wp-content\/uploads\/2014\/07\/Iso-Flate-containment-sealing-brochure-285.jpg 285w, https:\/\/www.iso-flate.com\/wp-content\/uploads\/2014\/07\/Iso-Flate-containment-sealing-brochure-285-212x300.jpg 212w\" sizes=\"(max-width: 285px) 100vw, 285px\" \/><\/a><\/div><\/div><\/div><\/div>\n<style type=\"text\/css\" data-created_by=\"avia_inline_auto\" id=\"style-css-av-gmnc1-eef906040201c3a060daba0af0988611\">\n.flex_column.av-gmnc1-eef906040201c3a060daba0af0988611{\nborder-radius:0px 0px 0px 0px;\npadding:0px 0px 0px 0px;\n}\n<\/style>\n<div  class='flex_column av-gmnc1-eef906040201c3a060daba0af0988611 av_two_third  avia-builder-el-8  el_after_av_one_third  el_before_av_one_full  flex_column_div av-zero-column-padding  column-top-margin'     ><section  class='av_textblock_section av-7uzwp-b7823ec6eaa69c966cf3c2a45d32da83 '   itemscope=\"itemscope\" itemtype=\"https:\/\/schema.org\/CreativeWork\" ><div class='avia_textblock'  itemprop=\"text\" ><p><strong>Iso-Flate\u00ae Brochura de Solu\u00e7\u00f5es de Veda\u00e7\u00e3o<\/strong><\/p>\n<p>Por favor clique na imagem para a ver ou obter a brochura.<\/p>\n<\/div><\/section><\/div><\/p>\n<div  class='flex_column av-10kv1l-7efc2c6789b99adf977f50e590de87fb av_one_full  avia-builder-el-10  el_after_av_two_third  el_before_av_one_full  first flex_column_div  column-top-margin'     ><div  class='avia-video av-wvrdl-ce2bc6ac8c341cbd661f0594f2c3c045 avia-video-16-9 av-no-preview-image avia-video-load-always av-lazyload-immediate av-lazyload-video-embed'  itemprop=\"video\" itemtype=\"https:\/\/schema.org\/VideoObject\"  data-original_url='https:\/\/www.youtube.com\/watch?v=-Hp6TiOh9iI'><script type='text\/html' class='av-video-tmpl'><div class='avia-iframe-wrap'><iframe loading=\"lazy\" title=\"Inflatable Seals Introduction\" width=\"1500\" height=\"844\" src=\"https:\/\/www.youtube.com\/embed\/-Hp6TiOh9iI?feature=oembed&autoplay=0&loop=0&controls=1&mute=0\" frameborder=\"0\" allow=\"accelerometer; autoplay; clipboard-write; encrypted-media; gyroscope; picture-in-picture\" allowfullscreen><\/iframe><\/div><\/script><div class='av-click-to-play-overlay'><div class=\"avia_playpause_icon\"><\/div><\/div><\/div><\/div>\n<div  class='flex_column av-rhoht-01c17eb45886ccc27f04154974bf7af1 av_one_full  avia-builder-el-12  el_after_av_one_full  el_before_av_one_full  first flex_column_div  column-top-margin'     ><div  class='avia-video av-jofht-fcf1a1269deab78142701c1b6f596ab5 avia-video-16-9 av-no-preview-image avia-video-load-always av-lazyload-immediate av-lazyload-video-embed'  itemprop=\"video\" itemtype=\"https:\/\/schema.org\/VideoObject\"  data-original_url='https:\/\/www.youtube.com\/watch?v=73kbybRMvBo'><script type='text\/html' class='av-video-tmpl'><div class='avia-iframe-wrap'><iframe loading=\"lazy\" title=\"Inflatable Seal Applications\" width=\"1500\" height=\"844\" src=\"https:\/\/www.youtube.com\/embed\/73kbybRMvBo?feature=oembed&autoplay=0&loop=0&controls=1&mute=0\" frameborder=\"0\" allow=\"accelerometer; autoplay; clipboard-write; encrypted-media; gyroscope; picture-in-picture\" allowfullscreen><\/iframe><\/div><\/script><div class='av-click-to-play-overlay'><div class=\"avia_playpause_icon\"><\/div><\/div><\/div><\/div>\n<div  class='flex_column av-1jfs1-fe42d4c7305fff5d625bb536da54dc30 av_one_full  avia-builder-el-14  el_after_av_one_full  avia-builder-el-last  first flex_column_div  column-top-margin'     ><div  class='avia-video av-b34gp-a34b6a64507a6ce40e827f78f189804d avia-video-16-9 av-no-preview-image avia-video-load-always av-lazyload-immediate av-lazyload-video-embed'  itemprop=\"video\" itemtype=\"https:\/\/schema.org\/VideoObject\"  data-original_url='https:\/\/www.youtube.com\/watch?v=0onMerxthmg'><script type='text\/html' class='av-video-tmpl'><div class='avia-iframe-wrap'><iframe loading=\"lazy\" title=\"How To Install\/Remove An Inflatable Seal\" width=\"1500\" height=\"844\" src=\"https:\/\/www.youtube.com\/embed\/0onMerxthmg?feature=oembed&autoplay=0&loop=0&controls=1&mute=0\" frameborder=\"0\" allow=\"accelerometer; autoplay; clipboard-write; encrypted-media; gyroscope; picture-in-picture\" allowfullscreen><\/iframe><\/div><\/script><div class='av-click-to-play-overlay'><div class=\"avia_playpause_icon\"><\/div><\/div><\/div><\/div>\n","protected":false},"excerpt":{"rendered":"<p>Iso-Flate produz uma ampla gama de perfis standard e perfis costumizados com uma grande gama de mat\u00e9rias primas. <\/p>\n","protected":false},"author":2,"featured_media":0,"parent":0,"menu_order":0,"comment_status":"open","ping_status":"open","template":"","meta":{"_aioseo_title":"As solu\u00e7oes de Veda\u00e7\u00e3o Iso-Flate ","_aioseo_description":"Iso-Flate produz uma ampla gama de perfis standard e perfis costumizados com uma grande gama de mat\u00e9rias primas. ","ngg_post_thumbnail":0,"footnotes":""},"class_list":["post-529","page","type-page","status-publish"],"_links":{"self":[{"href":"https:\/\/www.iso-flate.com\/pt-pt\/wp-json\/wp\/v2\/pages\/529","targetHints":{"allow":["GET"]}}],"collection":[{"href":"https:\/\/www.iso-flate.com\/pt-pt\/wp-json\/wp\/v2\/pages"}],"about":[{"href":"https:\/\/www.iso-flate.com\/pt-pt\/wp-json\/wp\/v2\/types\/page"}],"author":[{"embeddable":true,"href":"https:\/\/www.iso-flate.com\/pt-pt\/wp-json\/wp\/v2\/users\/2"}],"replies":[{"embeddable":true,"href":"https:\/\/www.iso-flate.com\/pt-pt\/wp-json\/wp\/v2\/comments?post=529"}],"version-history":[{"count":0,"href":"https:\/\/www.iso-flate.com\/pt-pt\/wp-json\/wp\/v2\/pages\/529\/revisions"}],"wp:attachment":[{"href":"https:\/\/www.iso-flate.com\/pt-pt\/wp-json\/wp\/v2\/media?parent=529"}],"curies":[{"name":"wp","href":"https:\/\/api.w.org\/{rel}","templated":true}]}}