{"id":531,"date":"2015-01-20T16:36:41","date_gmt":"2015-01-20T16:36:41","guid":{"rendered":"https:\/\/www.iso-flate.com\/?page_id=531"},"modified":"2015-01-20T23:13:24","modified_gmt":"2015-01-20T23:13:24","slug":"testes-controle-qualidade","status":"publish","type":"page","link":"https:\/\/www.iso-flate.com\/pt-pt\/testes-controle-qualidade\/","title":{"rendered":"Testes e Controle de Qualidade"},"content":{"rendered":"<div id='full_slider_1'  class='avia-fullwidth-slider main_color avia-shadow   avia-builder-el-0  el_before_av_one_full  avia-builder-el-first   container_wrap sidebar_right'  ><div  class='avia-slideshow av-av_slideshow_full-b1540f231e1448ef5bc61cc764d9fe80 avia-slideshow-no scaling av_slideshow_full avia-slide-slider av-slideshow-ui av-control-default av-slideshow-manual av-loop-once av-loop-manual-endless av-default-height-applied   avia-slideshow-1' data-slideshow-options=\"{&quot;animation&quot;:&quot;slide&quot;,&quot;autoplay&quot;:false,&quot;loop_autoplay&quot;:&quot;once&quot;,&quot;interval&quot;:5,&quot;loop_manual&quot;:&quot;manual-endless&quot;,&quot;autoplay_stopper&quot;:false,&quot;noNavigation&quot;:false,&quot;bg_slider&quot;:false,&quot;keep_padding&quot;:false,&quot;hoverpause&quot;:false,&quot;show_slide_delay&quot;:0}\"  itemprop=\"image\" itemscope=\"itemscope\" itemtype=\"https:\/\/schema.org\/ImageObject\" ><ul class='avia-slideshow-inner ' style='padding-bottom: 24.7572815534%;'><li  class='avia-slideshow-slide av-av_slideshow_full-b1540f231e1448ef5bc61cc764d9fe80__0  av-single-slide slide-1 slide-odd'><div data-rel='slideshow-1' class='avia-slide-wrap '   ><img decoding=\"async\" fetchpriority=\"high\" class=\"wp-image-270 avia-img-lazy-loading-not-270\"  src=\"https:\/\/www.iso-flate.com\/wp-content\/uploads\/2014\/07\/Inflatable-seals-2-1030-255.jpg\" width=\"1030\" height=\"255\" title='Iso-Flate custom inflatable sealing solutions' alt='Iso-Flate custom inflatable sealing solutions'  itemprop=\"thumbnailUrl\" srcset=\"https:\/\/www.iso-flate.com\/wp-content\/uploads\/2014\/07\/Inflatable-seals-2-1030-255.jpg 1030w, https:\/\/www.iso-flate.com\/wp-content\/uploads\/2014\/07\/Inflatable-seals-2-1030-255-300x74.jpg 300w, https:\/\/www.iso-flate.com\/wp-content\/uploads\/2014\/07\/Inflatable-seals-2-1030-255-705x174.jpg 705w, https:\/\/www.iso-flate.com\/wp-content\/uploads\/2014\/07\/Inflatable-seals-2-1030-255-450x111.jpg 450w\" sizes=\"(max-width: 1030px) 100vw, 1030px\" \/><\/div><\/li><\/ul><\/div><\/div><div id='after_full_slider_1'  class='main_color av_default_container_wrap container_wrap sidebar_right'  ><div class='container av-section-cont-open' ><div class='template-page content  av-content-small alpha units'><div class='post-entry post-entry-type-page post-entry-531'><div class='entry-content-wrapper clearfix'>\n<div  class='flex_column av-av_one_full-2a9015ff38129c418a3f2eafba3e9512 av_one_full  avia-builder-el-1  el_after_av_slideshow_full  el_before_av_one_half  avia-builder-el-first  first flex_column_div  '     ><section  class='av_textblock_section av-av_textblock-0366cc7376be6c9e82a3e9cc8987b64f '   itemscope=\"itemscope\" itemtype=\"https:\/\/schema.org\/CreativeWork\" ><div class='avia_textblock'  itemprop=\"text\" ><h1>Testes e Controle de Qualidade<\/h1>\n<p>Muito antes de obtermos a nossa certifica\u00e7\u00e3o ISO9001, qualidade, conformidade e rastreabilidade j\u00e1 estava na nossa vis\u00e3o de vanguarda a marca ISO-Flate. Trabalhando em conjunto com alguns dos nossos principais clientes OEM, realiz\u00e1mos ensaios de teste e de utiliza\u00e7\u00e3o intensiva, a fim de satisfazer as necessidades fundamentais dos clientes em ambientes de utiliza\u00e7\u00e3o cr\u00edticos.<\/p>\n<p>Abaixo est\u00e3o alguns exemplos de grandes investimentos e esfor\u00e7os que fizemos para produzir vedantes insufl\u00e1veis de que nos podemos orgulhar de &#8230;<\/p>\n<ul>\n<li>Desenvolvimento do design das ferramentas de Vulcaniza\u00e7\u00e3o agora na marca 4 para produzir extremamente juntas extremamente confi\u00e1veis.<\/li>\n<li>testes de fadiga com ciclo acelerado em ambientes de alta seguran\u00e7a; testando ambas as taxas de resist\u00eancia e de vazamento de perfil \u00a0(teste de vazamento de h\u00e9lio)<\/li>\n<li>Incorpora\u00e7\u00e3o de c\u00f3digos individuais de identifica\u00e7\u00e3o relativos \u00e0 produ\u00e7\u00e3o e registo detalhado que inclui lote, tempo de cura etc<\/li>\n<li>Teste Antiest\u00e1tico e desenvolvimento de materiais que respondam \u00e0s exig\u00eancias dos requisitos de resist\u00eancia.<\/li>\n<li>A produ\u00e7\u00e3o de alojamentos e moldes para os vedantes antes da produ\u00e7\u00e3o de m\u00e1quinas<\/li>\n<li>Realiza\u00e7\u00e3o para os clientes de testes de fadiga feitos acelerado os ciclos da capacidade de\u00a0 simular mais de 20.000 ciclos\/ dia.<\/li>\n<li>O desenvolvimento cont\u00ednuo de novas v\u00e1lvulas \/ projetos para conter a insufla\u00e7\u00e3o e testes de vazamento de h\u00e9lio, usados em \u00e1reas cr\u00edticas.<\/li>\n<\/ul>\n<p><center><iframe loading=\"lazy\" src=\"\/\/www.youtube.com\/embed\/fR6NZljAcUc?rel=0\" width=\"853\" height=\"480\" frameborder=\"0\" allowfullscreen=\"allowfullscreen\"><\/iframe><\/center><\/p>\n<\/div><\/section><\/div><div  class='flex_column av-av_one_half-2a9015ff38129c418a3f2eafba3e9512 av_one_half  avia-builder-el-3  el_after_av_one_full  el_before_av_one_half  first flex_column_div  column-top-margin'     ><style type=\"text\/css\" data-created_by=\"avia_inline_auto\" id=\"style-css-av-av_image-5a45c820fe0b7d55420761f7c8b19cae\">\n.avia-image-container.av-av_image-5a45c820fe0b7d55420761f7c8b19cae img.avia_image{\nbox-shadow:none;\n}\n.avia-image-container.av-av_image-5a45c820fe0b7d55420761f7c8b19cae .av-image-caption-overlay-center{\ncolor:#ffffff;\n}\n<\/style>\n<div  class='avia-image-container av-av_image-5a45c820fe0b7d55420761f7c8b19cae av-styling- av-img-linked avia_animated_image av-animated-when-visible-95 pop-up avia-align-center  avia-builder-el-4  avia-builder-el-no-sibling '   itemprop=\"image\" itemscope=\"itemscope\" itemtype=\"https:\/\/schema.org\/ImageObject\" ><div class=\"avia-image-container-inner\"><div class=\"avia-image-overlay-wrap\"><a href=\"https:\/\/www.iso-flate.com\/wp-content\/uploads\/2014\/02\/test-certificate-sample-857x1030.jpg\" data-srcset=\"https:\/\/www.iso-flate.com\/wp-content\/uploads\/2014\/02\/test-certificate-sample-857x1030.jpg 857w, https:\/\/www.iso-flate.com\/wp-content\/uploads\/2014\/02\/test-certificate-sample-249x300.jpg 249w, https:\/\/www.iso-flate.com\/wp-content\/uploads\/2014\/02\/test-certificate-sample-586x705.jpg 586w, https:\/\/www.iso-flate.com\/wp-content\/uploads\/2014\/02\/test-certificate-sample-450x540.jpg 450w, https:\/\/www.iso-flate.com\/wp-content\/uploads\/2014\/02\/test-certificate-sample.jpg 1114w\" data-sizes=\"(max-width: 857px) 100vw, 857px\" class='avia_image '  aria-label='test-certificate-sample'><img decoding=\"async\" width=\"1114\" height=\"1338\" fetchpriority=\"high\" class='wp-image-325 avia-img-lazy-loading-not-325 avia_image ' src=\"https:\/\/www.iso-flate.com\/wp-content\/uploads\/2014\/02\/test-certificate-sample.jpg\" alt='Iso-Flate Inflatable seal test certificate sample' title='test-certificate-sample'   itemprop=\"thumbnailUrl\" srcset=\"https:\/\/www.iso-flate.com\/wp-content\/uploads\/2014\/02\/test-certificate-sample.jpg 1114w, https:\/\/www.iso-flate.com\/wp-content\/uploads\/2014\/02\/test-certificate-sample-249x300.jpg 249w, https:\/\/www.iso-flate.com\/wp-content\/uploads\/2014\/02\/test-certificate-sample-857x1030.jpg 857w, https:\/\/www.iso-flate.com\/wp-content\/uploads\/2014\/02\/test-certificate-sample-586x705.jpg 586w, https:\/\/www.iso-flate.com\/wp-content\/uploads\/2014\/02\/test-certificate-sample-450x540.jpg 450w\" sizes=\"(max-width: 1114px) 100vw, 1114px\" \/><\/a><\/div><\/div><\/div><\/div><\/p>\n<div  class='flex_column av-av_one_half-b51168870d26eac9084c0e2dc495efe0 av_one_half  avia-builder-el-5  el_after_av_one_half  avia-builder-el-last  flex_column_div  column-top-margin'     ><style type=\"text\/css\" data-created_by=\"avia_inline_auto\" id=\"style-css-av-av_image-d0fdfb6e74aae77316730d1c00c8eb19\">\n.avia-image-container.av-av_image-d0fdfb6e74aae77316730d1c00c8eb19 img.avia_image{\nbox-shadow:none;\n}\n.avia-image-container.av-av_image-d0fdfb6e74aae77316730d1c00c8eb19 .av-image-caption-overlay-center{\ncolor:#ffffff;\n}\n<\/style>\n<div  class='avia-image-container av-av_image-d0fdfb6e74aae77316730d1c00c8eb19 av-styling- av-img-linked avia_animated_image av-animated-when-visible-95 pop-up avia-align-center  avia-builder-el-6  avia-builder-el-no-sibling '   itemprop=\"image\" itemscope=\"itemscope\" itemtype=\"https:\/\/schema.org\/ImageObject\" ><div class=\"avia-image-container-inner\"><div class=\"avia-image-overlay-wrap\"><a href=\"https:\/\/www.iso-flate.com\/wp-content\/uploads\/2014\/02\/ISO9001Reg-6cm-Col.jpg\" data-srcset=\"https:\/\/www.iso-flate.com\/wp-content\/uploads\/2014\/02\/ISO9001Reg-6cm-Col.jpg 486w, https:\/\/www.iso-flate.com\/wp-content\/uploads\/2014\/02\/ISO9001Reg-6cm-Col-204x300.jpg 204w, https:\/\/www.iso-flate.com\/wp-content\/uploads\/2014\/02\/ISO9001Reg-6cm-Col-479x705.jpg 479w, https:\/\/www.iso-flate.com\/wp-content\/uploads\/2014\/02\/ISO9001Reg-6cm-Col-450x661.jpg 450w\" data-sizes=\"(max-width: 486px) 100vw, 486px\" class='avia_image '  aria-label='ISO 9001 Logo'><img decoding=\"async\" width=\"486\" height=\"714\" fetchpriority=\"high\" class='wp-image-326 avia-img-lazy-loading-not-326 avia_image ' src=\"https:\/\/www.iso-flate.com\/wp-content\/uploads\/2014\/02\/ISO9001Reg-6cm-Col.jpg\" alt='' title='ISO 9001 Logo'   itemprop=\"thumbnailUrl\" srcset=\"https:\/\/www.iso-flate.com\/wp-content\/uploads\/2014\/02\/ISO9001Reg-6cm-Col.jpg 486w, https:\/\/www.iso-flate.com\/wp-content\/uploads\/2014\/02\/ISO9001Reg-6cm-Col-204x300.jpg 204w, https:\/\/www.iso-flate.com\/wp-content\/uploads\/2014\/02\/ISO9001Reg-6cm-Col-479x705.jpg 479w, https:\/\/www.iso-flate.com\/wp-content\/uploads\/2014\/02\/ISO9001Reg-6cm-Col-450x661.jpg 450w\" sizes=\"(max-width: 486px) 100vw, 486px\" \/><\/a><\/div><\/div><\/div><\/div>\n","protected":false},"excerpt":{"rendered":"<p>Iso-Flate Informa\u00e7\u00e3o de testes e controle de qualidade<\/p>\n","protected":false},"author":2,"featured_media":0,"parent":0,"menu_order":0,"comment_status":"open","ping_status":"open","template":"","meta":{"_aioseo_title":"Iso-Flate testes e controle de qualidade","_aioseo_description":"Iso-Flate Informa\u00e7\u00e3o de testes e controle de qualidade","ngg_post_thumbnail":0,"footnotes":""},"class_list":["post-531","page","type-page","status-publish"],"_links":{"self":[{"href":"https:\/\/www.iso-flate.com\/pt-pt\/wp-json\/wp\/v2\/pages\/531","targetHints":{"allow":["GET"]}}],"collection":[{"href":"https:\/\/www.iso-flate.com\/pt-pt\/wp-json\/wp\/v2\/pages"}],"about":[{"href":"https:\/\/www.iso-flate.com\/pt-pt\/wp-json\/wp\/v2\/types\/page"}],"author":[{"embeddable":true,"href":"https:\/\/www.iso-flate.com\/pt-pt\/wp-json\/wp\/v2\/users\/2"}],"replies":[{"embeddable":true,"href":"https:\/\/www.iso-flate.com\/pt-pt\/wp-json\/wp\/v2\/comments?post=531"}],"version-history":[{"count":0,"href":"https:\/\/www.iso-flate.com\/pt-pt\/wp-json\/wp\/v2\/pages\/531\/revisions"}],"wp:attachment":[{"href":"https:\/\/www.iso-flate.com\/pt-pt\/wp-json\/wp\/v2\/media?parent=531"}],"curies":[{"name":"wp","href":"https:\/\/api.w.org\/{rel}","templated":true}]}}